{"id":1175,"date":"2022-11-24T05:57:02","date_gmt":"2022-11-24T04:57:02","guid":{"rendered":"https:\/\/wordpress.vecurosoft.com\/energiso\/?page_id=1175"},"modified":"2025-05-10T15:02:22","modified_gmt":"2025-05-10T13:02:22","slug":"service","status":"publish","type":"page","link":"https:\/\/ecoenergiesolutions.lu\/index.php\/service\/","title":{"rendered":"Service"},"content":{"rendered":"\t\t<div data-elementor-type=\"wp-page\" data-elementor-id=\"1175\" class=\"elementor elementor-1175\">\n\t\t\t\t\t\t<section class=\"elementor-section elementor-top-section elementor-element elementor-element-820210e elementor-section-full_width elementor-section-height-default elementor-section-height-default\" data-id=\"820210e\" data-element_type=\"section\">\n\t\t\t\t\t\t<div class=\"elementor-container elementor-column-gap-no\">\n\t\t\t\t\t<div class=\"elementor-column elementor-col-100 elementor-top-column elementor-element elementor-element-d5f0e44\" data-id=\"d5f0e44\" data-element_type=\"column\">\n\t\t\t<div class=\"elementor-widget-wrap elementor-element-populated\">\n\t\t\t\t\t\t<section class=\"elementor-section elementor-inner-section elementor-element elementor-element-0b4cf93 elementor-section-full_width elementor-section-height-default elementor-section-height-default\" data-id=\"0b4cf93\" data-element_type=\"section\">\n\t\t\t\t\t\t<div class=\"elementor-container elementor-column-gap-no\">\n\t\t\t\t\t<div class=\"elementor-column elementor-col-100 elementor-inner-column elementor-element elementor-element-ac31cf5\" data-id=\"ac31cf5\" data-element_type=\"column\">\n\t\t\t<div class=\"elementor-widget-wrap elementor-element-populated\">\n\t\t\t\t\t\t<div class=\"elementor-element elementor-element-2510f67 elementor-widget elementor-widget-energisoaboutmedia\" data-id=\"2510f67\" data-element_type=\"widget\" data-widget_type=\"energisoaboutmedia.default\">\n\t\t\t\t<div class=\"elementor-widget-container\">\n\t\t\t\t\t<section class=\"about-media-wrapper\"><div class=\"container-xl\"><div class=\"row gx-0\"><div class=\"col-md-6 col-lg-4 feature-style2 \"><div class=\"feature-body\"><div class=\"feature-icon\"><img decoding=\"async\" src=\"https:\/\/wordpress.vecurosoft.com\/energiso\/wp-content\/uploads\/2022\/10\/sr-1-1-1.png\" alt=\"sr 1 1 1\"  \/><\/div><h3 class=\"feature-title h5\"><a class=\"text-inherit\" href=\"https:\/\/wordpress.vecurosoft.com\/energiso\/service-details\/\">Audit \u00e9nerg\u00e9tique<\/a><\/h3><p class=\"feature-text\">Identifiez les pertes d\u2019\u00e9nergie de votre logement et optimisez votre consommation.<\/p><\/div><\/div><div class=\"col-md-6 col-lg-4 feature-style2 \"><div class=\"feature-body\"><div class=\"feature-icon\"><img decoding=\"async\" src=\"https:\/\/wordpress.vecurosoft.com\/energiso\/wp-content\/uploads\/2022\/10\/sr-1-2-1.png\" alt=\"sr 1 2 1\"  \/><\/div><h3 class=\"feature-title h5\"><a class=\"text-inherit\" href=\"https:\/\/wordpress.vecurosoft.com\/energiso\/service-details\/\">Pose de panneaux solaires<\/a><\/h3><p class=\"feature-text\">Installation cl\u00e9 en main de syst\u00e8mes photovolta\u00efques performants.<\/p><\/div><\/div><div class=\"col-md-6 col-lg-4 feature-style2 \"><div class=\"feature-body\"><div class=\"feature-icon\"><img decoding=\"async\" src=\"https:\/\/wordpress.vecurosoft.com\/energiso\/wp-content\/uploads\/2022\/10\/sr-1-3-1.png\" alt=\"sr 1 3 1\"  \/><\/div><h3 class=\"feature-title h5\"><a class=\"text-inherit\" href=\"https:\/\/wordpress.vecurosoft.com\/energiso\/service-details\/\">Batteries domestiques<\/a><\/h3><p class=\"feature-text\">Stockez l\u2019\u00e9lectricit\u00e9 produite pour une autonomie \u00e9nerg\u00e9tique renforc\u00e9e.<\/p><\/div><\/div><div class=\"col-md-6 col-lg-4 feature-style2 \"><div class=\"feature-body\"><div class=\"feature-icon\"><img decoding=\"async\" src=\"https:\/\/wordpress.vecurosoft.com\/energiso\/wp-content\/uploads\/2022\/10\/sr-1-4-1.png\" alt=\"sr 1 4 1\"  \/><\/div><h3 class=\"feature-title h5\"><a class=\"text-inherit\" href=\"https:\/\/wordpress.vecurosoft.com\/energiso\/service-details\/\">Pompes \u00e0 chaleur<\/a><\/h3><p class=\"feature-text\">Solution de chauffage \u00e9cologique et \u00e9conomique pour tous types de b\u00e2timents.<\/p><\/div><\/div><div class=\"col-md-6 col-lg-4 feature-style2 \"><div class=\"feature-body\"><div class=\"feature-icon\"><img decoding=\"async\" src=\"https:\/\/wordpress.vecurosoft.com\/energiso\/wp-content\/uploads\/2022\/10\/sr-1-5-1.png\" alt=\"sr 1 5 1\"  \/><\/div><h3 class=\"feature-title h5\"><a class=\"text-inherit\" href=\"https:\/\/wordpress.vecurosoft.com\/energiso\/service-details\/\">Bornes de recharge<\/a><\/h3><p class=\"feature-text\">Installation de stations de recharge \u00e9lectrique \u00e0 domicile ou en entreprise.<\/p><\/div><\/div><div class=\"col-md-6 col-lg-4 feature-style2 \"><div class=\"feature-body\"><div class=\"feature-icon\"><img decoding=\"async\" src=\"https:\/\/wordpress.vecurosoft.com\/energiso\/wp-content\/uploads\/2022\/11\/price-1-2-1.png\" alt=\"price 1 2 1\"  \/><\/div><h3 class=\"feature-title h5\"><a class=\"text-inherit\" href=\"https:\/\/wordpress.vecurosoft.com\/energiso\/service-details\/\">Suivi et maintenance<\/a><\/h3><p class=\"feature-text\">Assurez la performance continue de vos \u00e9quipements \u00e9nerg\u00e9tiques.<\/p><\/div><\/div><\/div><\/div><\/section>\t\t\t\t<\/div>\n\t\t\t\t<\/div>\n\t\t\t\t\t<\/div>\n\t\t<\/div>\n\t\t\t\t\t<\/div>\n\t\t<\/section>\n\t\t\t\t\t<\/div>\n\t\t<\/div>\n\t\t\t\t\t<\/div>\n\t\t<\/section>\n\t\t\t\t<section class=\"elementor-section elementor-top-section elementor-element elementor-element-ddad35d elementor-section-full_width elementor-section-height-default elementor-section-height-default\" data-id=\"ddad35d\" data-element_type=\"section\">\n\t\t\t\t\t\t<div class=\"elementor-container elementor-column-gap-no\">\n\t\t\t\t\t<div class=\"elementor-column elementor-col-100 elementor-top-column elementor-element elementor-element-81ae1d4\" data-id=\"81ae1d4\" data-element_type=\"column\">\n\t\t\t<div class=\"elementor-widget-wrap elementor-element-populated\">\n\t\t\t\t\t\t<section class=\"elementor-section elementor-inner-section elementor-element elementor-element-c05aed3 elementor-section-full_width elementor-section-height-default elementor-section-height-default\" data-id=\"c05aed3\" data-element_type=\"section\">\n\t\t\t\t\t\t<div class=\"elementor-container elementor-column-gap-no\">\n\t\t\t\t\t<div class=\"elementor-column elementor-col-100 elementor-inner-column elementor-element elementor-element-011db08\" data-id=\"011db08\" data-element_type=\"column\">\n\t\t\t<div class=\"elementor-widget-wrap elementor-element-populated\">\n\t\t\t\t\t\t<div class=\"elementor-element elementor-element-cfb3061 elementor-widget elementor-widget-energisofaqarea\" data-id=\"cfb3061\" data-element_type=\"widget\" data-widget_type=\"energisofaqarea.default\">\n\t\t\t\t<div class=\"elementor-widget-container\">\n\t\t\t\t\t<section class=\"faq-wrap1 faq-wrapper\"><div class=\"faq-shape1\"><\/div><div class=\"faq-shape2\">Energiso<\/div><div class=\"container\"><div class=\"row gx-xl-5\"><div class=\"col-xl-5 mb-40 mb-xl-0 align-self-center\"><h2 class=\"sec-title h1 mb-4 pb-2 text-center text-xl-start\">Vos questions sur l\u2019\u00e9nergie verte<\/h2><div class=\"accordion accordion-style1\" id=\"faqVersion1\"><div class=\"accordion-item\"><div class=\"accordion-header\" id=\"heading1\"><button class=\"accordion-button \" type=\"button\" data-bs-toggle=\"collapse\" data-bs-target=\"#collapse1\" aria-expanded=\"true\" aria-controls=\"collapse1\">Quels panneaux solaires installez-vous ?<\/button><\/div><div id=\"collapse1\" class=\"accordion-collapse collapse show\" aria-labelledby=\"heading1\" data-bs-parent=\"#faqVersion1\"><div class=\"accordion-body\"><p>Nous installons des panneaux photovolta\u00efques haut rendement, certifi\u00e9s pour le climat luxembourgeois, avec garantie de production.<\/p><\/div><\/div><\/div><div class=\"accordion-item\"><div class=\"accordion-header\" id=\"heading2\"><button class=\"accordion-button collapsed\" type=\"button\" data-bs-toggle=\"collapse\" data-bs-target=\"#collapse2\" aria-expanded=\"true\" aria-controls=\"collapse2\">Puis-je encore rentabiliser mes panneaux solaires ?<\/button><\/div><div id=\"collapse2\" class=\"accordion-collapse collapse \" aria-labelledby=\"heading2\" data-bs-parent=\"#faqVersion1\"><div class=\"accordion-body\"><p>Oui. Gr\u00e2ce \u00e0 l\u2019autoconsommation et aux aides de l\u2019\u00c9tat luxembourgeois, l\u2019investissement reste tr\u00e8s avantageux.<\/p><\/div><\/div><\/div><div class=\"accordion-item\"><div class=\"accordion-header\" id=\"heading3\"><button class=\"accordion-button collapsed\" type=\"button\" data-bs-toggle=\"collapse\" data-bs-target=\"#collapse3\" aria-expanded=\"true\" aria-controls=\"collapse3\">Comment fonctionne le stockage d\u2019\u00e9nergie ?<\/button><\/div><div id=\"collapse3\" class=\"accordion-collapse collapse \" aria-labelledby=\"heading3\" data-bs-parent=\"#faqVersion1\"><div class=\"accordion-body\"><p>Une batterie stocke l\u2019\u00e9lectricit\u00e9 non utilis\u00e9e pendant la journ\u00e9e pour l\u2019utiliser le soir ou en cas de coupure.<\/p><\/div><\/div><\/div><div class=\"accordion-item\"><div class=\"accordion-header\" id=\"heading4\"><button class=\"accordion-button collapsed\" type=\"button\" data-bs-toggle=\"collapse\" data-bs-target=\"#collapse4\" aria-expanded=\"true\" aria-controls=\"collapse4\">Puis-je ajouter une batterie \u00e0 mon installation existante ?<\/button><\/div><div id=\"collapse4\" class=\"accordion-collapse collapse \" aria-labelledby=\"heading4\" data-bs-parent=\"#faqVersion1\"><div class=\"accordion-body\"><p>Oui, nos syst\u00e8mes sont compatibles avec la plupart des installations solaires d\u00e9j\u00e0 en place.<\/p><\/div><\/div><\/div><\/div><\/div><div class=\"col-xl-7\">\n<div class=\"wpcf7 no-js\" id=\"wpcf7-f1054-o1\" lang=\"en-US\" dir=\"ltr\" data-wpcf7-id=\"1054\">\n<div class=\"screen-reader-response\"><p role=\"status\" aria-live=\"polite\" aria-atomic=\"true\"><\/p> <ul><\/ul><\/div>\n<form action=\"\/index.php\/wp-json\/wp\/v2\/pages\/1175#wpcf7-f1054-o1\" method=\"post\" class=\"wpcf7-form init\" aria-label=\"Contact form\" novalidate=\"novalidate\" data-status=\"init\">\n<div style=\"display: none;\">\n<input type=\"hidden\" name=\"_wpcf7\" value=\"1054\" \/>\n<input type=\"hidden\" name=\"_wpcf7_version\" value=\"6.0.6\" \/>\n<input type=\"hidden\" name=\"_wpcf7_locale\" value=\"en_US\" \/>\n<input type=\"hidden\" name=\"_wpcf7_unit_tag\" value=\"wpcf7-f1054-o1\" \/>\n<input type=\"hidden\" name=\"_wpcf7_container_post\" value=\"0\" \/>\n<input type=\"hidden\" name=\"_wpcf7_posted_data_hash\" value=\"\" \/>\n<\/div>\n<div class=\"form-style2\">\n  <h3 class=\"form-title\">Demandez votre devis personnalis\u00e9<\/h3>\n  <div class=\"row gx-20\">\n\n    <div class=\"col-md-6 form-group\">\n      <label>Consommation \u00e9lectrique mensuelle (en kWh)<\/label>\n      <span class=\"wpcf7-form-control-wrap\" data-name=\"conso-mensuelle\"><input size=\"40\" maxlength=\"400\" class=\"wpcf7-form-control wpcf7-text wpcf7-validates-as-required\" aria-required=\"true\" aria-invalid=\"false\" value=\"\" type=\"text\" name=\"conso-mensuelle\" \/><\/span>\n    <\/div>\n\n    <div class=\"col-md-6 form-group\">\n      <label>Type de syst\u00e8me solaire<\/label>\n      <span class=\"wpcf7-form-control-wrap\" data-name=\"type-systeme\"><select class=\"wpcf7-form-control wpcf7-select wpcf7-validates-as-required\" aria-required=\"true\" aria-invalid=\"false\" name=\"type-systeme\"><option value=\"Autonome (off-grid)\">Autonome (off-grid)<\/option><option value=\"Connect\u00e9 r\u00e9seau (on-grid)\">Connect\u00e9 r\u00e9seau (on-grid)<\/option><option value=\"Hybride\">Hybride<\/option><\/select><\/span>\n    <\/div>\n\n    <div class=\"col-12 form-group\">\n      <label>Emplacement des panneaux solaires<\/label>\n      <span class=\"wpcf7-form-control-wrap\" data-name=\"emplacement-panneaux\"><select class=\"wpcf7-form-control wpcf7-select\" aria-invalid=\"false\" name=\"emplacement-panneaux\"><option value=\"Toiture maison\">Toiture maison<\/option><option value=\"Toiture immeuble\">Toiture immeuble<\/option><option value=\"Sol\">Sol<\/option><option value=\"Carport\">Carport<\/option><\/select><\/span>\n    <\/div>\n\n    <div class=\"col-12 form-group\">\n      <label>Type de toiture<\/label>\n      <span class=\"wpcf7-form-control-wrap\" data-name=\"toiture-type\"><select class=\"wpcf7-form-control wpcf7-select\" aria-invalid=\"false\" name=\"toiture-type\"><option value=\"Tuiles\">Tuiles<\/option><option value=\"Zinc\">Zinc<\/option><option value=\"Bac acier\">Bac acier<\/option><option value=\"Ardoise\">Ardoise<\/option><\/select><\/span>\n    <\/div>\n\n    <div class=\"col-md-6 form-group\">\n      <label>Adresse e-mail<\/label>\n      <span class=\"wpcf7-form-control-wrap\" data-name=\"email\"><input size=\"40\" maxlength=\"400\" class=\"wpcf7-form-control wpcf7-email wpcf7-validates-as-required wpcf7-text wpcf7-validates-as-email\" aria-required=\"true\" aria-invalid=\"false\" value=\"\" type=\"email\" name=\"email\" \/><\/span>\n    <\/div>\n\n    <div class=\"col-md-6 form-group\">\n      <label>Num\u00e9ro de t\u00e9l\u00e9phone<\/label>\n      <span class=\"wpcf7-form-control-wrap\" data-name=\"telephone\"><input size=\"40\" maxlength=\"400\" class=\"wpcf7-form-control wpcf7-text wpcf7-validates-as-required\" aria-required=\"true\" aria-invalid=\"false\" value=\"\" type=\"text\" name=\"telephone\" \/><\/span>\n    <\/div>\n\n    <div class=\"col-12\">\n      <button class=\"vs-btn wpcf7-submit\">Envoyer la demande<\/button>\n    <\/div>\n\n  <\/div>\n<\/div><div class=\"wpcf7-response-output\" aria-hidden=\"true\"><\/div>\n<\/form>\n<\/div>\n<\/div><\/div><\/div><\/section>\t\t\t\t<\/div>\n\t\t\t\t<\/div>\n\t\t\t\t\t<\/div>\n\t\t<\/div>\n\t\t\t\t\t<\/div>\n\t\t<\/section>\n\t\t\t\t\t<\/div>\n\t\t<\/div>\n\t\t\t\t\t<\/div>\n\t\t<\/section>\n\t\t\t\t<\/div>\n\t\t","protected":false},"excerpt":{"rendered":"<p>Audit \u00e9nerg\u00e9tique Identifiez les pertes d\u2019\u00e9nergie de votre logement et optimisez votre consommation. Pose de panneaux solaires Installation cl\u00e9 en main de syst\u00e8mes photovolta\u00efques performants. Batteries domestiques Stockez l\u2019\u00e9lectricit\u00e9 produite pour une autonomie \u00e9nerg\u00e9tique renforc\u00e9e. Pompes \u00e0 chaleur Solution de chauffage \u00e9cologique et \u00e9conomique pour tous types de b\u00e2timents. Bornes de recharge Installation de stations&#8230;<\/p>\n","protected":false},"author":1,"featured_media":0,"parent":0,"menu_order":0,"comment_status":"closed","ping_status":"closed","template":"template-builder.php","meta":{"footnotes":""},"class_list":["post-1175","page","type-page","status-publish","hentry"],"_links":{"self":[{"href":"https:\/\/ecoenergiesolutions.lu\/index.php\/wp-json\/wp\/v2\/pages\/1175","targetHints":{"allow":["GET"]}}],"collection":[{"href":"https:\/\/ecoenergiesolutions.lu\/index.php\/wp-json\/wp\/v2\/pages"}],"about":[{"href":"https:\/\/ecoenergiesolutions.lu\/index.php\/wp-json\/wp\/v2\/types\/page"}],"author":[{"embeddable":true,"href":"https:\/\/ecoenergiesolutions.lu\/index.php\/wp-json\/wp\/v2\/users\/1"}],"replies":[{"embeddable":true,"href":"https:\/\/ecoenergiesolutions.lu\/index.php\/wp-json\/wp\/v2\/comments?post=1175"}],"version-history":[{"count":16,"href":"https:\/\/ecoenergiesolutions.lu\/index.php\/wp-json\/wp\/v2\/pages\/1175\/revisions"}],"predecessor-version":[{"id":2720,"href":"https:\/\/ecoenergiesolutions.lu\/index.php\/wp-json\/wp\/v2\/pages\/1175\/revisions\/2720"}],"wp:attachment":[{"href":"https:\/\/ecoenergiesolutions.lu\/index.php\/wp-json\/wp\/v2\/media?parent=1175"}],"curies":[{"name":"wp","href":"https:\/\/api.w.org\/{rel}","templated":true}]}}